{"id":9,"date":"2013-01-17T15:51:50","date_gmt":"2013-01-17T13:51:50","guid":{"rendered":"http:\/\/root.georgpohl.de\/netzwerk-agens\/neu\/?page_id=9"},"modified":"2014-02-27T14:10:49","modified_gmt":"2014-02-27T12:10:49","slug":"willkommen","status":"publish","type":"page","link":"http:\/\/root.georgpohl.de\/netzwerk-agens\/","title":{"rendered":"Willkommen"},"content":{"rendered":"<p><small><em>Netzwerk Agens e.V. \u2013 Instrumente und Strategien<br \/>\nf\u00fcr Bildung und Entwicklung in Stadt, Dorf und Region:<\/em><\/small><\/p>\n<p><big>Was m\u00f6chten Sie gezielt und nachhaltig ver\u00e4ndern?<\/big><\/p>\n<p><strong>Ob im Bereich der Stadtverwaltung, der Mobilit\u00e4t, der Bildung, der Immobilienwirtschaft oder der B\u00fcrgerorganisation \u2013 St\u00e4dte und Gemeinwesen produzieren einen immer fortw\u00e4hrenden Bedarf an Erforschung und Entwicklung, an Engagement und an Ver\u00e4nderung.<\/strong><\/p>\n<p>Mit unserem Verein Netzwerk Agens steht Ihnen f\u00fcr diese Aufgaben ein Pool an erfahrenen Mitgliedern zur Seite \u2013 aus den Bereichen des Stadt- und Regionalmanagements, der Jugend- und Sozialarbeit, der Kreativit\u00e4t und des Designs, ebenso aus den Bereichen des Marketings sowie der Immobilien.<\/p>\n<p>Erwarten Sie von uns ganzen Einsatz f\u00fcr ein gemeinwesenorientiertes und wertebalanciertes Handeln. Als Ihr Partner in zivilgesellschaftlichen Erneuerungen unterst\u00fctzen wir Sie durch unsere Kompetenzen in Beratung, Planung und Organisation \u2013 mehr erfahren Sie <a title=\"Leistungen der Mitglieder\" href=\"http:\/\/www.georgpohl.de\/netzwerk-agens\/leistungen-der-mitglieder\/\">hier<\/a>.<\/p>\n<p><strong>Informieren Sie sich auch \u00fcber unser Arbeitsprofil:<\/strong><br \/>\n<a title=\"B\u00fcrger\" href=\"http:\/\/root.georgpohl.de\/netzwerk-agens\/buerger\/\">B\u00fcrgerbildung<\/a><br \/>\n<a title=\"Instrumente\" href=\"http:\/\/www.georgpohl.de\/netzwerk-agens\/instrumente\/\">Instrumente: Spiele und Spielverfahren<\/a><br \/>\n<a title=\"Strategien\" href=\"http:\/\/www.georgpohl.de\/netzwerk-agens\/strategien\/\">Strategien: Kurse, Seminare, Events<\/a><br \/>\n<a title=\"Die Stadt\" href=\"http:\/\/www.georgpohl.de\/netzwerk-agens\/die-stadt\/\">Die wertvolle Stadt<\/a><\/p>\n<p><a title=\"Kontakt\" href=\"http:\/\/www.georgpohl.de\/netzwerk-agens\/kontakt\/\">Kontaktieren<\/a> Sie uns. Wir sind gespannt auf Ihre Entwicklungsvorhaben.<\/p>\n","protected":false},"excerpt":{"rendered":"<p>Netzwerk Agens e.V. \u2013 Instrumente und Strategien f\u00fcr Bildung und Entwicklung in Stadt, Dorf und Region: Was m\u00f6chten Sie gezielt und nachhaltig ver\u00e4ndern? Ob im Bereich der Stadtverwaltung, der Mobilit\u00e4t, der Bildung, der Immobilienwirtschaft oder der B\u00fcrgerorganisation \u2013 St\u00e4dte und Gemeinwesen produzieren einen immer fortw\u00e4hrenden Bedarf an Erforschung und Entwicklung, an Engagement und an Ver\u00e4nderung. [&hellip;]<\/p>\n","protected":false},"author":1,"featured_media":4,"parent":0,"menu_order":0,"comment_status":"closed","ping_status":"closed","template":"","meta":[],"_links":{"self":[{"href":"http:\/\/root.georgpohl.de\/netzwerk-agens\/wp-json\/wp\/v2\/pages\/9"}],"collection":[{"href":"http:\/\/root.georgpohl.de\/netzwerk-agens\/wp-json\/wp\/v2\/pages"}],"about":[{"href":"http:\/\/root.georgpohl.de\/netzwerk-agens\/wp-json\/wp\/v2\/types\/page"}],"author":[{"embeddable":true,"href":"http:\/\/root.georgpohl.de\/netzwerk-agens\/wp-json\/wp\/v2\/users\/1"}],"replies":[{"embeddable":true,"href":"http:\/\/root.georgpohl.de\/netzwerk-agens\/wp-json\/wp\/v2\/comments?post=9"}],"version-history":[{"count":14,"href":"http:\/\/root.georgpohl.de\/netzwerk-agens\/wp-json\/wp\/v2\/pages\/9\/revisions"}],"predecessor-version":[{"id":107,"href":"http:\/\/root.georgpohl.de\/netzwerk-agens\/wp-json\/wp\/v2\/pages\/9\/revisions\/107"}],"wp:featuredmedia":[{"embeddable":true,"href":"http:\/\/root.georgpohl.de\/netzwerk-agens\/wp-json\/wp\/v2\/media\/4"}],"wp:attachment":[{"href":"http:\/\/root.georgpohl.de\/netzwerk-agens\/wp-json\/wp\/v2\/media?parent=9"}],"curies":[{"name":"wp","href":"https:\/\/api.w.org\/{rel}","templated":true}]}}