{"id":29,"date":"2013-01-17T16:29:34","date_gmt":"2013-01-17T14:29:34","guid":{"rendered":"http:\/\/root.georgpohl.de\/netzwerk-agens\/neu\/?page_id=29"},"modified":"2013-01-23T11:26:47","modified_gmt":"2013-01-23T09:26:47","slug":"die-stadt","status":"publish","type":"page","link":"http:\/\/root.georgpohl.de\/netzwerk-agens\/die-stadt\/","title":{"rendered":"Die Stadt"},"content":{"rendered":"<p><small><em>Die Stadt als Entwicklungsprozess:<\/em><\/small><\/p>\n<p><big>Die wertvolle Stadt.<\/big><\/p>\n<p><strong>St\u00e4dte als solche sind heute zu flexibel, zu vielseitig, zu unplanbar \u2013 st\u00e4ndig wandelt sich alles. Wer hier nach Patentrezepten der Steuerbarkeit, der Nachhaltigkeit und Investition fahndet, wird nicht f\u00fcndig werden. Insofern gilt es, mit der stadteigenen Dynamik auch dynamisch umzugehen. Nur: Was bedeutet das?<\/strong><\/p>\n<p>Es bedeutet in erster Linie auf die Kreativit\u00e4t zu setzen \u2013 und zwar im Umgang mit allen Potenzialen und Ressourcen, den sichtbaren wie den verborgenen.<\/p>\n<p>Ob im Immobilienmarkt, in der Bildung, in Social Labs oder in der Verwaltung \u2013 in allen Bereichen der Urbanit\u00e4t gibt es Potenziale und Ressourcen, die Sie bisher vielleicht \u00fcbersehen haben, die sich nicht lauthals artikulieren. Oder solche, die in einem neuen Format genutzt werden m\u00fcssten, die man in ungew\u00f6hnlichen Konstellationen neu erproben sollte. Bilden Sie neue Kategorien: alt ist nicht alt, neu ist nicht neu. Es gibt genug zu entdecken!<\/p>\n<p>Wenn wir \u00fcber Entwicklung nachdenken und St\u00e4dte nachhaltig transformieren m\u00f6chten, dann gilt es, genau an diesem Punkt anzusetzen: Am kreativen Umgang mit dem, was vorhanden ist \u2013 und dies passf\u00e4hig zu machen. Denn allein das entscheidet \u00fcber die Zukunftsf\u00e4higkeit unserer St\u00e4dte und unseres Gemeinwesen.<\/p>\n<p>Erfahren Sie mehr \u00fcber unsere <a title=\"Referenzen\" href=\"http:\/\/root.georgpohl.de\/netzwerk-agens\/referenzen\/#stadt\">Referenzen<\/a> auf diesem Gebiet.<\/p>\n","protected":false},"excerpt":{"rendered":"<p>Die Stadt als Entwicklungsprozess: Die wertvolle Stadt. St\u00e4dte als solche sind heute zu flexibel, zu vielseitig, zu unplanbar \u2013 st\u00e4ndig wandelt sich alles. Wer hier nach Patentrezepten der Steuerbarkeit, der Nachhaltigkeit und Investition fahndet, wird nicht f\u00fcndig werden. Insofern gilt es, mit der stadteigenen Dynamik auch dynamisch umzugehen. Nur: Was bedeutet das? Es bedeutet in [&hellip;]<\/p>\n","protected":false},"author":1,"featured_media":30,"parent":0,"menu_order":0,"comment_status":"closed","ping_status":"closed","template":"","meta":[],"_links":{"self":[{"href":"http:\/\/root.georgpohl.de\/netzwerk-agens\/wp-json\/wp\/v2\/pages\/29"}],"collection":[{"href":"http:\/\/root.georgpohl.de\/netzwerk-agens\/wp-json\/wp\/v2\/pages"}],"about":[{"href":"http:\/\/root.georgpohl.de\/netzwerk-agens\/wp-json\/wp\/v2\/types\/page"}],"author":[{"embeddable":true,"href":"http:\/\/root.georgpohl.de\/netzwerk-agens\/wp-json\/wp\/v2\/users\/1"}],"replies":[{"embeddable":true,"href":"http:\/\/root.georgpohl.de\/netzwerk-agens\/wp-json\/wp\/v2\/comments?post=29"}],"version-history":[{"count":4,"href":"http:\/\/root.georgpohl.de\/netzwerk-agens\/wp-json\/wp\/v2\/pages\/29\/revisions"}],"predecessor-version":[{"id":85,"href":"http:\/\/root.georgpohl.de\/netzwerk-agens\/wp-json\/wp\/v2\/pages\/29\/revisions\/85"}],"wp:featuredmedia":[{"embeddable":true,"href":"http:\/\/root.georgpohl.de\/netzwerk-agens\/wp-json\/wp\/v2\/media\/30"}],"wp:attachment":[{"href":"http:\/\/root.georgpohl.de\/netzwerk-agens\/wp-json\/wp\/v2\/media?parent=29"}],"curies":[{"name":"wp","href":"https:\/\/api.w.org\/{rel}","templated":true}]}}