{"id":25,"date":"2013-01-17T16:24:06","date_gmt":"2013-01-17T14:24:06","guid":{"rendered":"http:\/\/root.georgpohl.de\/netzwerk-agens\/neu\/?page_id=25"},"modified":"2013-01-23T11:24:29","modified_gmt":"2013-01-23T09:24:29","slug":"strategien","status":"publish","type":"page","link":"http:\/\/root.georgpohl.de\/netzwerk-agens\/strategien\/","title":{"rendered":"Strategien"},"content":{"rendered":"<p><small><em>Strategien in Entwicklungsprozessen: Kurse, Seminare, Veranstaltungen<\/em><\/small><\/p>\n<p><big>Revitalisierung \u2013 dank Transparenz, Begegnung und Kommunikation.<\/big><\/p>\n<p><strong>Verst\u00e4ndigung \u00fcber Interessen, Zust\u00e4ndigkeiten oder Professionen ist in allt\u00e4glichen, irgendwie gearteten Kommunikationsr\u00e4umen oftmals nicht m\u00f6glich. Es bedarf stattdessen eines Raumes, der eine origin\u00e4re Verbindung zwischen allen Akteuren herstellt. Die von uns organisierten Events und Seminare bieten Ihnen hierf\u00fcr eine gute Matrix. Unser Ansatz dabei: Wir denken und agieren integriert.<\/strong><\/p>\n<p>Tagungen, Kurse und Events sind Zeitr\u00e4ume, die einer ganz eigenen, alltagsfernen Logik unterliegen \u2013 es sind abgesteckte Zeitr\u00e4ume in einem abgesteckten Kontext und mit abgesteckten Zielen, die da lauten: Transparenz der Strukturen, Raum f\u00fcr Handlungsreflexion, Supervision, kreative Verst\u00e4ndigung und Transfer.<\/p>\n<p>Als professionelle Veranstalter in Entwicklungsprozessen wissen wir: Es sind immer viele verschiedene Elemente, die dazu f\u00fchren, dass Veranstaltungen genau diese Ziele erreichen \u2013 oder ihnen zumindest ein entscheidendes St\u00fcck n\u00e4her kommen.<\/p>\n<p>Das f\u00e4ngt an bei der Frage, wer am Austausch beteiligt werden muss. Auch sind die Motive der Teilnahme bei jedem denkbar verschieden, das gilt es bereits in der Einladung zu ber\u00fccksichtigen. Ebenso tragen formale Aspekte entscheidend zum Gelingen bei, wie bspw. die Wahl des Zeitpunkts, die Bereitstellung von Information, die Art der Moderation und emotionalen Ausgestaltung, wie Farbe, Temperatur, Musik etc.<\/p>\n<p>Wichtig ist, dass alle Teilnehmer anders gehen als sie gekommen sind \u2013 qualifiziert, inspiriert und nachhaltig bereichert.<\/p>\n<p>Deshalb: Buchen Sie unser strategisches Know-how f\u00fcr Ihre Veranstaltungen. So mischen Sie die Karten f\u00fcr alle am Prozess Beteiligten neu \u2013 f\u00fcr eine zukunftsf\u00e4hige und kooperative Reorganisation von Stadt und Region.<\/p>\n<p>Hier geht&#8217;s zu unseren <a title=\"Referenzen\" href=\"http:\/\/root.georgpohl.de\/netzwerk-agens\/referenzen\/#strategien\">Referenzen<\/a> in diesem Handlungsfeld.<\/p>\n","protected":false},"excerpt":{"rendered":"<p>Strategien in Entwicklungsprozessen: Kurse, Seminare, Veranstaltungen Revitalisierung \u2013 dank Transparenz, Begegnung und Kommunikation. Verst\u00e4ndigung \u00fcber Interessen, Zust\u00e4ndigkeiten oder Professionen ist in allt\u00e4glichen, irgendwie gearteten Kommunikationsr\u00e4umen oftmals nicht m\u00f6glich. Es bedarf stattdessen eines Raumes, der eine origin\u00e4re Verbindung zwischen allen Akteuren herstellt. Die von uns organisierten Events und Seminare bieten Ihnen hierf\u00fcr eine gute Matrix. Unser [&hellip;]<\/p>\n","protected":false},"author":1,"featured_media":26,"parent":0,"menu_order":0,"comment_status":"closed","ping_status":"closed","template":"","meta":[],"_links":{"self":[{"href":"http:\/\/root.georgpohl.de\/netzwerk-agens\/wp-json\/wp\/v2\/pages\/25"}],"collection":[{"href":"http:\/\/root.georgpohl.de\/netzwerk-agens\/wp-json\/wp\/v2\/pages"}],"about":[{"href":"http:\/\/root.georgpohl.de\/netzwerk-agens\/wp-json\/wp\/v2\/types\/page"}],"author":[{"embeddable":true,"href":"http:\/\/root.georgpohl.de\/netzwerk-agens\/wp-json\/wp\/v2\/users\/1"}],"replies":[{"embeddable":true,"href":"http:\/\/root.georgpohl.de\/netzwerk-agens\/wp-json\/wp\/v2\/comments?post=25"}],"version-history":[{"count":6,"href":"http:\/\/root.georgpohl.de\/netzwerk-agens\/wp-json\/wp\/v2\/pages\/25\/revisions"}],"predecessor-version":[{"id":84,"href":"http:\/\/root.georgpohl.de\/netzwerk-agens\/wp-json\/wp\/v2\/pages\/25\/revisions\/84"}],"wp:featuredmedia":[{"embeddable":true,"href":"http:\/\/root.georgpohl.de\/netzwerk-agens\/wp-json\/wp\/v2\/media\/26"}],"wp:attachment":[{"href":"http:\/\/root.georgpohl.de\/netzwerk-agens\/wp-json\/wp\/v2\/media?parent=25"}],"curies":[{"name":"wp","href":"https:\/\/api.w.org\/{rel}","templated":true}]}}