{"id":22,"date":"2013-01-17T16:19:41","date_gmt":"2013-01-17T14:19:41","guid":{"rendered":"http:\/\/root.georgpohl.de\/netzwerk-agens\/neu\/?page_id=22"},"modified":"2013-01-24T18:35:22","modified_gmt":"2013-01-24T16:35:22","slug":"instrumente","status":"publish","type":"page","link":"http:\/\/root.georgpohl.de\/netzwerk-agens\/instrumente\/","title":{"rendered":"Instrumente"},"content":{"rendered":"<p><small><em>Instrumente in Entwicklungsprozessen: Spiele und Spielverfahren<\/em><\/small><\/p>\n<p><big>Spielend zu neuen Perspektiven \u2013 unser Spezialgebiet.<\/big><\/p>\n<p><strong>Wer gedanklich mit neuen Formen der B\u00fcrgerbeteiligung, der Jugendbildung oder der Personalentwicklung spielt, der sollte dies tats\u00e4chlich durchspielen \u2013 im Team, mit Partnern, die die Dinge ganz anders sehen. Unsere Brett-, Karten- und Planspiele sowie Spiel-Events bieten hierf\u00fcr ein kreatives und kommunikatives Instrumentarium.<\/strong><\/p>\n<p>Neue Ideen sto\u00dfen nicht immer auf Begeisterung, sie sto\u00dfen an personelle oder finanzielle Grenzen. Oder scheinen oftmals gesellschaftlich nicht implementierbar. An diesem Punkt der Erkenntnis lohnt es sich zu spielen:<\/p>\n<p>Das Spielen ist eine der \u00e4ltesten Kulturtechniken, um Erfahrungen auszutauschen und Interessen zu verhandeln. Spielen f\u00f6rdert die Kreativit\u00e4t, die F\u00e4higkeit, den Dingen den Zwang der Folgeketten zu nehmen \u2013 und sie stattdessen in neuer Kombination zu betrachten.<\/p>\n<p>Alle unsere Spiele wurden bereits vielerorts erfolgreich erprobt. Es sind Spiele mit Szenarien dessen, was St\u00e4dte und Regionen sind \u2013 und sein k\u00f6nnten. Sie sind ideal daf\u00fcr geeignet, sich mit alternativen Betrachtungsweisen auseinanderzusetzen; Aktion und Reaktion greifen ineinander, provozieren Kommunikation, Dissens, Konsens, individuelle L\u00f6sungen.<\/p>\n<p>Oftmals entstehen dabei Teams, die die im Spiel generierten Ideen in die reale Gestaltung einer Stadt oder einer Region einbringen.<\/p>\n<p>Deshalb: Spielen Sie Ihre Ideen doch einfach mal durch! Denn wer spielt, gewinnt Erkenntnis \u2013 \u00fcber sich selbst, \u00fcber andere und \u00fcber M\u00f6glichkeiten der Transformation von Stadt und Region.<\/p>\n<p>Erfahren Sie mehr durch unsere <a title=\"Referenzen\" href=\"http:\/\/root.georgpohl.de\/netzwerk-agens\/referenzen\/#instrumente\">Referenzen<\/a> auf diesem Gebiet.<\/p>\n","protected":false},"excerpt":{"rendered":"<p>Instrumente in Entwicklungsprozessen: Spiele und Spielverfahren Spielend zu neuen Perspektiven \u2013 unser Spezialgebiet. Wer gedanklich mit neuen Formen der B\u00fcrgerbeteiligung, der Jugendbildung oder der Personalentwicklung spielt, der sollte dies tats\u00e4chlich durchspielen \u2013 im Team, mit Partnern, die die Dinge ganz anders sehen. Unsere Brett-, Karten- und Planspiele sowie Spiel-Events bieten hierf\u00fcr ein kreatives und kommunikatives [&hellip;]<\/p>\n","protected":false},"author":1,"featured_media":92,"parent":0,"menu_order":0,"comment_status":"closed","ping_status":"closed","template":"","meta":[],"_links":{"self":[{"href":"http:\/\/root.georgpohl.de\/netzwerk-agens\/wp-json\/wp\/v2\/pages\/22"}],"collection":[{"href":"http:\/\/root.georgpohl.de\/netzwerk-agens\/wp-json\/wp\/v2\/pages"}],"about":[{"href":"http:\/\/root.georgpohl.de\/netzwerk-agens\/wp-json\/wp\/v2\/types\/page"}],"author":[{"embeddable":true,"href":"http:\/\/root.georgpohl.de\/netzwerk-agens\/wp-json\/wp\/v2\/users\/1"}],"replies":[{"embeddable":true,"href":"http:\/\/root.georgpohl.de\/netzwerk-agens\/wp-json\/wp\/v2\/comments?post=22"}],"version-history":[{"count":7,"href":"http:\/\/root.georgpohl.de\/netzwerk-agens\/wp-json\/wp\/v2\/pages\/22\/revisions"}],"predecessor-version":[{"id":94,"href":"http:\/\/root.georgpohl.de\/netzwerk-agens\/wp-json\/wp\/v2\/pages\/22\/revisions\/94"}],"wp:featuredmedia":[{"embeddable":true,"href":"http:\/\/root.georgpohl.de\/netzwerk-agens\/wp-json\/wp\/v2\/media\/92"}],"wp:attachment":[{"href":"http:\/\/root.georgpohl.de\/netzwerk-agens\/wp-json\/wp\/v2\/media?parent=22"}],"curies":[{"name":"wp","href":"https:\/\/api.w.org\/{rel}","templated":true}]}}