{"id":2,"date":"2013-01-17T09:43:57","date_gmt":"2013-01-17T09:43:57","guid":{"rendered":"http:\/\/root.georgpohl.de\/netzwerk-agens\/neu\/?page_id=2"},"modified":"2013-01-23T11:21:47","modified_gmt":"2013-01-23T09:21:47","slug":"buerger","status":"publish","type":"page","link":"http:\/\/root.georgpohl.de\/netzwerk-agens\/buerger\/","title":{"rendered":"B\u00fcrger"},"content":{"rendered":"<p><small><em>Akteure in Entwicklungsprozessen: Bildungskonzepte und -biographien<\/em><\/small><\/p>\n<p><big>B\u00fcrgerbildung \u2013 f\u00fcr ein intaktes Gemeinwesen.<\/big><\/p>\n<p><strong>Durch die Flexibilisierung des Arbeitsmarktes, die globalen Netzwerkm\u00f6glichkeiten und den starken Wandel in der Gesellschaft unterliegen zwangsl\u00e4ufig auch Bildungsbiographien einem permanenten Wandel: Jeder B\u00fcrger muss in gleichzeitig verschiedenen und immer neuen Rollen agieren. Doch wie gelingt das Zusammenspiel von Rollenanforderungen, B\u00fcrgersein und Gemeinschaft?<\/strong><\/p>\n<p>Der Schl\u00fcssel f\u00fcr dieses Zusammenspiel liegt im Prinzip B\u00fcrgerbildung \u2013 der F\u00f6rderung der Orientierungs- und Steuerungskompetenz jedes Einzelnen.<\/p>\n<p>Programme der Bildung und Entwicklung m\u00fcssen insofern jeden B\u00fcrger zum Ausgangspunkt der \u00dcberlegungen machen \u2013 entsprechend der Tatsache, dass jeder B\u00fcrger mehr ist als die Summe seiner Rollen.<\/p>\n<p>Konkret bedeutet das: Programme der Bildung und Entwicklung m\u00fcssen zun\u00e4chst am B\u00fcrger selbst, an seinen individuellen Bed\u00fcrfnissen, W\u00fcnschen und Ressourcen ansetzen und diese klar erkennen. Sie sollten die individuelle Lernflexibilit\u00e4t motivieren und entlang der momentanen Lebensphase ganzheitlich konzipiert werden \u2013 nicht entlang konventioneller, tradierter Pr\u00e4missen.<\/p>\n<p>Erst das er\u00f6ffnet den Blick f\u00fcr das Wesentliche, f\u00fcr das, was jenseits der Rolle das Menschsein ausmacht: das F\u00fcreinander und Miteinander. Und durch dieses neu gebildete Bewusstsein k\u00f6nnen B\u00fcrger dann durchaus zu Botschaftern von Ideen werden \u2013 und zwar innerhalb ihrer Rollen, die nun allerdings das Potenzial zur Ver\u00e4nderung und Wertebalance in sich tragen.<\/p>\n<p>Unsere <a title=\"Referenzen\" href=\"http:\/\/root.georgpohl.de\/netzwerk-agens\/referenzen\/#buerger\">Referenzen<\/a> auf diesem Gebiet.<\/p>\n","protected":false},"excerpt":{"rendered":"<p>Akteure in Entwicklungsprozessen: Bildungskonzepte und -biographien B\u00fcrgerbildung \u2013 f\u00fcr ein intaktes Gemeinwesen. Durch die Flexibilisierung des Arbeitsmarktes, die globalen Netzwerkm\u00f6glichkeiten und den starken Wandel in der Gesellschaft unterliegen zwangsl\u00e4ufig auch Bildungsbiographien einem permanenten Wandel: Jeder B\u00fcrger muss in gleichzeitig verschiedenen und immer neuen Rollen agieren. Doch wie gelingt das Zusammenspiel von Rollenanforderungen, B\u00fcrgersein und Gemeinschaft? [&hellip;]<\/p>\n","protected":false},"author":1,"featured_media":19,"parent":0,"menu_order":0,"comment_status":"closed","ping_status":"closed","template":"","meta":[],"_links":{"self":[{"href":"http:\/\/root.georgpohl.de\/netzwerk-agens\/wp-json\/wp\/v2\/pages\/2"}],"collection":[{"href":"http:\/\/root.georgpohl.de\/netzwerk-agens\/wp-json\/wp\/v2\/pages"}],"about":[{"href":"http:\/\/root.georgpohl.de\/netzwerk-agens\/wp-json\/wp\/v2\/types\/page"}],"author":[{"embeddable":true,"href":"http:\/\/root.georgpohl.de\/netzwerk-agens\/wp-json\/wp\/v2\/users\/1"}],"replies":[{"embeddable":true,"href":"http:\/\/root.georgpohl.de\/netzwerk-agens\/wp-json\/wp\/v2\/comments?post=2"}],"version-history":[{"count":13,"href":"http:\/\/root.georgpohl.de\/netzwerk-agens\/wp-json\/wp\/v2\/pages\/2\/revisions"}],"predecessor-version":[{"id":81,"href":"http:\/\/root.georgpohl.de\/netzwerk-agens\/wp-json\/wp\/v2\/pages\/2\/revisions\/81"}],"wp:featuredmedia":[{"embeddable":true,"href":"http:\/\/root.georgpohl.de\/netzwerk-agens\/wp-json\/wp\/v2\/media\/19"}],"wp:attachment":[{"href":"http:\/\/root.georgpohl.de\/netzwerk-agens\/wp-json\/wp\/v2\/media?parent=2"}],"curies":[{"name":"wp","href":"https:\/\/api.w.org\/{rel}","templated":true}]}}